{"id":3,"date":"2024-12-20T09:30:11","date_gmt":"2024-12-20T09:30:11","guid":{"rendered":"https:\/\/froyasalmon.com\/?page_id=3"},"modified":"2025-03-19T10:08:31","modified_gmt":"2025-03-19T09:08:31","slug":"sekretesspolicy","status":"publish","type":"page","link":"https:\/\/froyasalmon.com\/sv\/sekretesspolicy\/","title":{"rendered":"Integritetspolicy"},"content":{"rendered":"<h2 class=\"wp-block-heading\">Om f\u00f6retaget<\/h2>\n\n\n\n<p>Fr\u00f8ya lax \u00e4gs av <a href=\"https:\/\/www.insula.no\/\">Insula<\/a>. Fr\u00f8ya Salmon AS \u00e4r det bolag som marknadsf\u00f6r och s\u00e4ljer varum\u00e4rket Fr\u00f8ya. Fr\u00f8ya Salmon blev en del av Insula Group i januari 2016.<\/p>\n\n\n\n<h2 class=\"wp-block-heading\">Cookies f\u00f6r information<\/h2>\n\n\n\n<p>N\u00e4r du bes\u00f6ker v\u00e5r webbplats kommer din webbl\u00e4sare att ladda ner cookies. Det \u00e4r sm\u00e5 textfiler som utv\u00e4xlas mellan din enhet och denna webbplats och som anv\u00e4nds f\u00f6r att webbplatsen ska fungera s\u00e5 bra som m\u00f6jligt.&nbsp;<\/p>\n\n\n\n<p>Som webbanv\u00e4ndare kan du v\u00e4lja att avvisa lagring och anv\u00e4ndning av cookies. Vi rekommenderar den norska post- och telestyrelsens webbplats nettvett.no <a href=\"https:\/\/nettvett.no\/slik-administrer-du-informasjonskapsler\/\" target=\"_blank\" rel=\"noreferrer noopener\">f\u00f6r en beskrivning av hur du kan acceptera eller avvisa cookies<\/a> (\"cookies\").<\/p>\n\n\n\n<h2 class=\"wp-block-heading\">Cookies p\u00e5 webbplatsen<\/h2>\n\n\n\n<p>Fr\u00f8ya Salmon f\u00e5r sin statistik fr\u00e5n Google Analytics, som anv\u00e4nder f\u00f6ljande cookies:<\/p>\n\n\n\n<p><strong>_ga: <\/strong>samla in information om hur bes\u00f6kare anv\u00e4nder v\u00e5r webbplats<br><strong>_gid:<\/strong> samla in information om hur bes\u00f6kare anv\u00e4nder v\u00e5r webbplats<br><strong>_gat:&nbsp;<\/strong> Begr\u00e4nsar antalet f\u00f6rfr\u00e5gningar mot Google Analytics<br><strong>SIDCC:&nbsp;<\/strong> Anv\u00e4nds av Google och Youtube f\u00f6r att autentisera anv\u00e4ndare, f\u00f6rhindra olaglig anv\u00e4ndning av inloggningsuppgifter och skydda anv\u00e4ndardata fr\u00e5n obeh\u00f6rig \u00e5tkomst.<\/p>\n\n\n\n<p>Kakan <strong>Fr<\/strong> Anv\u00e4nds av Facebook f\u00f6r marknadsf\u00f6rings\u00e4ndam\u00e5l.&nbsp;<\/p>\n\n\n\n<h2 class=\"wp-block-heading\">Nyhetsbrev<\/h2>\n\n\n\n<p>Fr\u00f8ya Laks anv\u00e4nder tj\u00e4nsten Mailchimp f\u00f6r att hantera nyhetsbrev. N\u00e4r du anm\u00e4ler dig till v\u00e5rt nyhetsbrev lagras dina personuppgifter i en databas hos Mailchimp. Genom att samtycka till nyhetsbrev samtycker du till elektronisk marknadsf\u00f6ring d\u00e4r du f\u00e5r bra tips och recept fr\u00e5n Fr\u00f8ya Laks.<br>Du kan n\u00e4r som helst avregistrera dig fr\u00e5n nyhetsbrevet genom att f\u00f6lja l\u00e4nken l\u00e4ngst ner i det nyhetsbrev du f\u00e5r.<\/p>\n\n\n\n<h2 class=\"wp-block-heading\">Integritetspolicy<\/h2>\n\n\n\n<p>Personuppgifter om dig \u00e4r n\u00f6dv\u00e4ndiga f\u00f6r att administrera utskick av nyhetsbrev eller f\u00f6r att svara dig via e-post n\u00e4r du kontaktar oss via v\u00e5rt kontaktformul\u00e4r.<\/p>\n\n\n\n<p>Personuppgifterna kommer typiskt sett att omfatta namn, adress, telefonnummer och e-postadress. I princip behandlar vi inte n\u00e5gra k\u00e4nsliga personuppgifter om v\u00e5ra anv\u00e4ndare. K\u00e4llan till informationen \u00e4r normalt sett anv\u00e4ndaren sj\u00e4lv genom att anv\u00e4ndaren l\u00e4mnar informationen vid registrering online.<\/p>\n\n\n\n<p>Personuppgifter lagras s\u00e5 l\u00e4nge som de beh\u00f6vs f\u00f6r \u00e4ndam\u00e5let med behandlingen och ska d\u00e4refter raderas. Du kan n\u00e4r som helst be oss att radera information som r\u00f6r dig.<\/p>\n\n\n\n<h2 class=\"wp-block-heading\">HTTPS och s\u00e4ker \u00f6verf\u00f6ring<\/h2>\n\n\n\n<p>V\u00e5r webbplats omfattas av HTTPS-kryptering. Om du vill f\u00f6rs\u00e4kra dig om att en sida \u00e4r krypterad visas ett h\u00e4ngl\u00e5s i adressf\u00e4ltet h\u00f6gst upp i din webbl\u00e4sare och\/eller adressen f\u00f6reg\u00e5s av \"https\" i st\u00e4llet f\u00f6r bara \"http\".<\/p>\n\n\n\n<p>Syftet med kryptering \u00e4r att s\u00e4kerst\u00e4lla en s\u00e4ker datakommunikation mellan servern (webbplatsen) och klienten (din dator). Detta inkluderar ett digitalt certifikat f\u00f6r att bevisa att webbplatsen och dess avs\u00e4ndare \u00e4r \u00e4kta.<\/p>\n\n\n\n<p><\/p>","protected":false},"excerpt":{"rendered":"<p>Om f\u00f6retaget Fr\u00f8ya Salmon \u00e4gs av Insula. Fr\u00f8ya Salmon AS \u00e4r det bolag som marknadsf\u00f6r och s\u00e4ljer varum\u00e4rket Fr\u00f8ya. Fr\u00f8ya Salmon blev en del av Insula-koncernen i januari 2016. Cookies N\u00e4r du bes\u00f6ker v\u00e5r webbplats kommer din webbl\u00e4sare att ladda ner cookies. Dessa \u00e4r sm\u00e5 textfiler som utbyts mellan din enhet och denna webbplats och anv\u00e4nds f\u00f6r att... <a href=\"https:\/\/froyasalmon.com\/sv\/sekretesspolicy\/\">Forts\u00e4ttning<\/a><\/p>","protected":false},"author":1,"featured_media":0,"parent":0,"menu_order":0,"comment_status":"closed","ping_status":"open","template":"","meta":{"_acf_changed":false,"footnotes":""},"class_list":["post-3","page","type-page","status-publish","hentry"],"acf":[],"_links":{"self":[{"href":"https:\/\/froyasalmon.com\/sv\/wp-json\/wp\/v2\/pages\/3","targetHints":{"allow":["GET"]}}],"collection":[{"href":"https:\/\/froyasalmon.com\/sv\/wp-json\/wp\/v2\/pages"}],"about":[{"href":"https:\/\/froyasalmon.com\/sv\/wp-json\/wp\/v2\/types\/page"}],"author":[{"embeddable":true,"href":"https:\/\/froyasalmon.com\/sv\/wp-json\/wp\/v2\/users\/1"}],"replies":[{"embeddable":true,"href":"https:\/\/froyasalmon.com\/sv\/wp-json\/wp\/v2\/comments?post=3"}],"version-history":[{"count":1,"href":"https:\/\/froyasalmon.com\/sv\/wp-json\/wp\/v2\/pages\/3\/revisions"}],"predecessor-version":[{"id":11475,"href":"https:\/\/froyasalmon.com\/sv\/wp-json\/wp\/v2\/pages\/3\/revisions\/11475"}],"wp:attachment":[{"href":"https:\/\/froyasalmon.com\/sv\/wp-json\/wp\/v2\/media?parent=3"}],"curies":[{"name":"wp","href":"https:\/\/api.w.org\/{rel}","templated":true}]}}