{"id":3,"date":"2024-12-20T09:30:11","date_gmt":"2024-12-20T09:30:11","guid":{"rendered":"https:\/\/froyasalmon.com\/?page_id=3"},"modified":"2025-03-19T10:08:31","modified_gmt":"2025-03-19T09:08:31","slug":"dichiarazione-sulla-privacy","status":"publish","type":"page","link":"https:\/\/froyasalmon.com\/it\/dichiarazione-sulla-privacy\/","title":{"rendered":"Informativa sulla privacy"},"content":{"rendered":"<h2 class=\"wp-block-heading\">Informazioni sull'azienda<\/h2>\n\n\n\n<p>Il salmone Fr\u00f8ya \u00e8 di propriet\u00e0 di <a href=\"https:\/\/www.insula.no\/\">Insula<\/a>. Fr\u00f8ya Salmon AS \u00e8 la societ\u00e0 che commercializza e vende il marchio Fr\u00f8ya. Fr\u00f8ya Salmon \u00e8 entrata a far parte del Gruppo Insula nel gennaio 2016.<\/p>\n\n\n\n<h2 class=\"wp-block-heading\">Cookie informativi<\/h2>\n\n\n\n<p>Quando visitate il nostro sito web, il vostro browser scaricher\u00e0 dei cookie. Si tratta di piccoli file di testo che vengono scambiati tra il vostro dispositivo e questo sito web e che servono a far funzionare il sito nel miglior modo possibile.&nbsp;<\/p>\n\n\n\n<p>Come utente del web, potete scegliere di rifiutare la memorizzazione e l'uso dei cookie. Si consiglia di consultare il sito web dell'Autorit\u00e0 norvegese delle poste e delle telecomunicazioni nettvett.no <a href=\"https:\/\/nettvett.no\/slik-administrer-du-informasjonskapsler\/\" target=\"_blank\" rel=\"noreferrer noopener\">per una descrizione di come si possono accettare o rifiutare i cookie<\/a> (\"cookie\").<\/p>\n\n\n\n<h2 class=\"wp-block-heading\">Cookie sul sito web<\/h2>\n\n\n\n<p>Fr\u00f8ya Salmon ricava le proprie statistiche da Google Analytics, che utilizza i seguenti cookie:<\/p>\n\n\n\n<p><strong>_ga: <\/strong>raccogliere informazioni su come i visitatori utilizzano il nostro sito web<br><strong>_gid:<\/strong> raccogliere informazioni su come i visitatori utilizzano il nostro sito web<br><strong>_gat:&nbsp;<\/strong> Limita il numero di interrogazioni a Google Analytics<br><strong>SIDCC:&nbsp;<\/strong> Utilizzato da Google e Youtube per autenticare gli utenti, impedire l'uso illegale delle credenziali di accesso e proteggere i dati degli utenti da accessi non autorizzati.<\/p>\n\n\n\n<p>Il biscotto <strong>Fr<\/strong> Utilizzato da Facebook per scopi di marketing.&nbsp;<\/p>\n\n\n\n<h2 class=\"wp-block-heading\">Newsletter<\/h2>\n\n\n\n<p>Fr\u00f8ya Laks utilizza il servizio Mailchimp per gestire le newsletter. Quando vi iscrivete alla nostra newsletter, i vostri dati personali vengono memorizzati in un database di Mailchimp. Accettando le newsletter, si acconsente al marketing elettronico in cui si ricevono buoni consigli e ricette da Fr\u00f8ya Laks.<br>\u00c8 possibile annullare l'iscrizione alla newsletter in qualsiasi momento seguendo il link in fondo alla newsletter ricevuta.<\/p>\n\n\n\n<h2 class=\"wp-block-heading\">Informativa sulla privacy<\/h2>\n\n\n\n<p>I dati personali che vi riguardano sono necessari per gestire l'invio di newsletter o per rispondervi via e-mail quando ci contattate tramite il nostro modulo di contatto.<\/p>\n\n\n\n<p>I dati personali comprendono di norma nome, indirizzo, numero di telefono e indirizzo e-mail. In linea di principio, non trattiamo dati personali sensibili dei nostri utenti. Di norma, la fonte delle informazioni \u00e8 l'utente stesso, che le fornisce al momento della registrazione online.<\/p>\n\n\n\n<p>I dati personali vengono conservati per il tempo necessario ai fini del trattamento, dopodich\u00e9 devono essere cancellati. Potete chiederci di cancellare le informazioni che vi riguardano in qualsiasi momento.<\/p>\n\n\n\n<h2 class=\"wp-block-heading\">HTTPS e trasferimento sicuro<\/h2>\n\n\n\n<p>Il nostro sito web \u00e8 coperto dalla crittografia HTTPS. Se volete assicurarvi che una pagina sia crittografata, nella barra degli indirizzi in alto del vostro browser apparir\u00e0 un lucchetto e\/o l'indirizzo sar\u00e0 preceduto da \"https\" anzich\u00e9 solo da \"http\".<\/p>\n\n\n\n<p>Lo scopo della crittografia \u00e8 quello di garantire una comunicazione sicura dei dati tra il server (il sito web) e il client (il vostro computer). La crittografia comprende un certificato digitale che attesta l'autenticit\u00e0 del sito web e del suo mittente.<\/p>\n\n\n\n<p><\/p>","protected":false},"excerpt":{"rendered":"<p>Om selskapet Fr\u00f8ya laks eies av Insula. Fr\u00f8ya Salmon AS er selskapet som markedsf\u00f8rer og selger merkevaren Fr\u00f8ya.\u00a0Fr\u00f8ya Salmon ble en del av Insula-konsernet i januar 2016. Informasjonskapsler N\u00e5r du bes\u00f8ker v\u00e5rt nettsted vil nettleseren din laste ned informasjonskapsler (\u00abcookies\u00bb). Dette er sm\u00e5 tekstfiler som utveksles mellom din enhet og dette nettstedet og som brukes &hellip; <a href=\"https:\/\/froyasalmon.com\/it\/dichiarazione-sulla-privacy\/\">Continued<\/a><\/p>","protected":false},"author":1,"featured_media":0,"parent":0,"menu_order":0,"comment_status":"closed","ping_status":"open","template":"","meta":{"_acf_changed":false,"footnotes":""},"class_list":["post-3","page","type-page","status-publish","hentry"],"acf":[],"_links":{"self":[{"href":"https:\/\/froyasalmon.com\/it\/wp-json\/wp\/v2\/pages\/3","targetHints":{"allow":["GET"]}}],"collection":[{"href":"https:\/\/froyasalmon.com\/it\/wp-json\/wp\/v2\/pages"}],"about":[{"href":"https:\/\/froyasalmon.com\/it\/wp-json\/wp\/v2\/types\/page"}],"author":[{"embeddable":true,"href":"https:\/\/froyasalmon.com\/it\/wp-json\/wp\/v2\/users\/1"}],"replies":[{"embeddable":true,"href":"https:\/\/froyasalmon.com\/it\/wp-json\/wp\/v2\/comments?post=3"}],"version-history":[{"count":1,"href":"https:\/\/froyasalmon.com\/it\/wp-json\/wp\/v2\/pages\/3\/revisions"}],"predecessor-version":[{"id":11475,"href":"https:\/\/froyasalmon.com\/it\/wp-json\/wp\/v2\/pages\/3\/revisions\/11475"}],"wp:attachment":[{"href":"https:\/\/froyasalmon.com\/it\/wp-json\/wp\/v2\/media?parent=3"}],"curies":[{"name":"wp","href":"https:\/\/api.w.org\/{rel}","templated":true}]}}