{"id":3,"date":"2024-12-20T09:30:11","date_gmt":"2024-12-20T09:30:11","guid":{"rendered":"https:\/\/froyasalmon.com\/?page_id=3"},"modified":"2025-03-19T10:08:31","modified_gmt":"2025-03-19T09:08:31","slug":"declaration-de-confidentialite","status":"publish","type":"page","link":"https:\/\/froyasalmon.com\/fr\/declaration-de-confidentialite\/","title":{"rendered":"Politique de confidentialit\u00e9"},"content":{"rendered":"<h2 class=\"wp-block-heading\">A propos de l'entreprise<\/h2>\n\n\n\n<p>Fr\u00f8ya salmon est d\u00e9tenu par <a href=\"https:\/\/www.insula.no\/\">Insula<\/a>. Fr\u00f8ya Salmon AS est la soci\u00e9t\u00e9 qui commercialise et vend la marque Fr\u00f8ya. Fr\u00f8ya Salmon fait partie du Groupe Insula depuis janvier 2016.<\/p>\n\n\n\n<h2 class=\"wp-block-heading\">Cookies d'information<\/h2>\n\n\n\n<p>Lorsque vous visitez notre site web, votre navigateur t\u00e9l\u00e9charge des cookies. Il s'agit de petits fichiers texte qui sont \u00e9chang\u00e9s entre votre appareil et ce site web et qui sont utilis\u00e9s pour que le site web fonctionne le mieux possible.&nbsp;<\/p>\n\n\n\n<p>En tant qu'internaute, vous pouvez choisir de refuser le stockage et l'utilisation de cookies. Nous recommandons le site web de l'Autorit\u00e9 norv\u00e9gienne des postes et t\u00e9l\u00e9communications nettvett.no <a href=\"https:\/\/nettvett.no\/slik-administrer-du-informasjonskapsler\/\" target=\"_blank\" rel=\"noreferrer noopener\">pour une description de la mani\u00e8re dont vous pouvez accepter ou refuser les cookies<\/a> (\"cookies\").<\/p>\n\n\n\n<h2 class=\"wp-block-heading\">Cookies sur le site web<\/h2>\n\n\n\n<p>Fr\u00f8ya Salmon obtient ses statistiques de Google Analytics, qui utilise les cookies suivants :<\/p>\n\n\n\n<p><strong>Il n'y a pas d'autre solution que de faire appel \u00e0 l'expertise d'un expert en la mati\u00e8re : <\/strong>recueillir des informations sur la mani\u00e8re dont les visiteurs utilisent notre site web<br><strong>_gid :<\/strong> recueillir des informations sur la mani\u00e8re dont les visiteurs utilisent notre site web<br><strong>_gat :&nbsp;<\/strong> Limite le nombre de requ\u00eates sur Google Analytics<br><strong>SIDCC :&nbsp;<\/strong> Utilis\u00e9 par Google et Youtube pour authentifier les utilisateurs, emp\u00eacher l'utilisation ill\u00e9gale des identifiants de connexion et prot\u00e9ger les donn\u00e9es des utilisateurs contre tout acc\u00e8s non autoris\u00e9.<\/p>\n\n\n\n<p>Le cookie <strong>Fr<\/strong> Utilis\u00e9 par Facebook \u00e0 des fins de marketing.&nbsp;<\/p>\n\n\n\n<h2 class=\"wp-block-heading\">Bulletins d'information<\/h2>\n\n\n\n<p>Fr\u00f8ya Laks utilise le service Mailchimp pour g\u00e9rer les bulletins d'information. Lorsque vous vous inscrivez \u00e0 notre newsletter, vos informations personnelles sont stock\u00e9es dans une base de donn\u00e9es chez Mailchimp. En acceptant les lettres d'information, vous consentez \u00e0 un marketing \u00e9lectronique vous permettant de recevoir de bons conseils et des recettes de la part de Fr\u00f8ya Laks.<br>Vous pouvez vous d\u00e9sabonner de la lettre d'information \u00e0 tout moment en suivant le lien figurant au bas de la lettre d'information que vous recevez.<\/p>\n\n\n\n<h2 class=\"wp-block-heading\">Politique de confidentialit\u00e9<\/h2>\n\n\n\n<p>Les donn\u00e9es personnelles vous concernant sont n\u00e9cessaires pour g\u00e9rer l'envoi des lettres d'information, ou pour vous r\u00e9pondre par e-mail lorsque vous nous contactez via notre formulaire de contact.<\/p>\n\n\n\n<p>Les donn\u00e9es personnelles comprennent g\u00e9n\u00e9ralement le nom, l'adresse, le num\u00e9ro de t\u00e9l\u00e9phone et l'adresse \u00e9lectronique. En principe, nous ne traitons aucune donn\u00e9e personnelle sensible concernant nos utilisateurs. La source des informations est normalement l'utilisateur lui-m\u00eame, qui fournit les informations lors de son inscription en ligne.<\/p>\n\n\n\n<p>Les donn\u00e9es \u00e0 caract\u00e8re personnel sont conserv\u00e9es aussi longtemps qu'elles sont n\u00e9cessaires aux fins du traitement et doivent ensuite \u00eatre supprim\u00e9es. Vous pouvez nous demander de supprimer les informations vous concernant \u00e0 tout moment.<\/p>\n\n\n\n<h2 class=\"wp-block-heading\">HTTPS et transfert s\u00e9curis\u00e9<\/h2>\n\n\n\n<p>Notre site web est couvert par le cryptage HTTPS. Si vous voulez vous assurer qu'une page est crypt\u00e9e, un cadenas appara\u00eetra dans la barre d'adresse en haut de votre navigateur et\/ou l'adresse sera pr\u00e9c\u00e9d\u00e9e de \"https\" au lieu de \"http\".<\/p>\n\n\n\n<p>L'objectif du cryptage est de garantir la s\u00e9curit\u00e9 de la communication des donn\u00e9es entre le serveur (le site web) et le client (votre ordinateur). Il comprend un certificat num\u00e9rique qui prouve que le site web et son exp\u00e9diteur sont authentiques.<\/p>\n\n\n\n<p><\/p>","protected":false},"excerpt":{"rendered":"<p>Om selskapet Fr\u00f8ya laks eies av Insula. Fr\u00f8ya Salmon AS er selskapet som markedsf\u00f8rer og selger merkevaren Fr\u00f8ya.\u00a0Fr\u00f8ya Salmon ble en del av Insula-konsernet i januar 2016. Informasjonskapsler N\u00e5r du bes\u00f8ker v\u00e5rt nettsted vil nettleseren din laste ned informasjonskapsler (\u00abcookies\u00bb). Dette er sm\u00e5 tekstfiler som utveksles mellom din enhet og dette nettstedet og som brukes &hellip; <a href=\"https:\/\/froyasalmon.com\/fr\/declaration-de-confidentialite\/\">Continued<\/a><\/p>","protected":false},"author":1,"featured_media":0,"parent":0,"menu_order":0,"comment_status":"closed","ping_status":"open","template":"","meta":{"_acf_changed":false,"footnotes":""},"class_list":["post-3","page","type-page","status-publish","hentry"],"acf":[],"_links":{"self":[{"href":"https:\/\/froyasalmon.com\/fr\/wp-json\/wp\/v2\/pages\/3","targetHints":{"allow":["GET"]}}],"collection":[{"href":"https:\/\/froyasalmon.com\/fr\/wp-json\/wp\/v2\/pages"}],"about":[{"href":"https:\/\/froyasalmon.com\/fr\/wp-json\/wp\/v2\/types\/page"}],"author":[{"embeddable":true,"href":"https:\/\/froyasalmon.com\/fr\/wp-json\/wp\/v2\/users\/1"}],"replies":[{"embeddable":true,"href":"https:\/\/froyasalmon.com\/fr\/wp-json\/wp\/v2\/comments?post=3"}],"version-history":[{"count":1,"href":"https:\/\/froyasalmon.com\/fr\/wp-json\/wp\/v2\/pages\/3\/revisions"}],"predecessor-version":[{"id":11475,"href":"https:\/\/froyasalmon.com\/fr\/wp-json\/wp\/v2\/pages\/3\/revisions\/11475"}],"wp:attachment":[{"href":"https:\/\/froyasalmon.com\/fr\/wp-json\/wp\/v2\/media?parent=3"}],"curies":[{"name":"wp","href":"https:\/\/api.w.org\/{rel}","templated":true}]}}