{"id":3,"date":"2024-12-20T09:30:11","date_gmt":"2024-12-20T09:30:11","guid":{"rendered":"https:\/\/froyasalmon.com\/?page_id=3"},"modified":"2025-03-19T10:08:31","modified_gmt":"2025-03-19T09:08:31","slug":"declaracion-de-privacidad","status":"publish","type":"page","link":"https:\/\/froyasalmon.com\/es\/declaracion-de-privacidad\/","title":{"rendered":"Pol\u00edtica de privacidad"},"content":{"rendered":"<h2 class=\"wp-block-heading\">Acerca de la empresa<\/h2>\n\n\n\n<p>Fr\u00f8ya salm\u00f3n es propiedad de <a href=\"https:\/\/www.insula.no\/\">\u00cdnsula<\/a>. Fr\u00f8ya Salmon AS es la empresa que comercializa y vende la marca Fr\u00f8ya. Fr\u00f8ya Salmon pas\u00f3 a formar parte del Grupo Insula en enero de 2016.<\/p>\n\n\n\n<h2 class=\"wp-block-heading\">Cookies de informaci\u00f3n<\/h2>\n\n\n\n<p>Cuando visite nuestro sitio web, su navegador descargar\u00e1 cookies. Se trata de peque\u00f1os archivos de texto que se intercambian entre su dispositivo y este sitio web y que se utilizan para que el sitio web funcione lo mejor posible.&nbsp;<\/p>\n\n\n\n<p>Como usuario de la web, puede optar por rechazar el almacenamiento y uso de cookies. Le recomendamos el sitio web de la Autoridad Noruega de Correos y Telecomunicaciones nettvett.no <a href=\"https:\/\/nettvett.no\/slik-administrer-du-informasjonskapsler\/\" target=\"_blank\" rel=\"noreferrer noopener\">para saber c\u00f3mo aceptar o rechazar las cookies<\/a> (\"cookies\").<\/p>\n\n\n\n<h2 class=\"wp-block-heading\">Cookies en el sitio web<\/h2>\n\n\n\n<p>Fr\u00f8ya Salm\u00f3n obtiene sus estad\u00edsticas de Google Analytics, que utiliza las siguientes cookies:<\/p>\n\n\n\n<p><strong>_ga: <\/strong>recopilar informaci\u00f3n sobre el uso que hacen los visitantes de nuestro sitio web<br><strong>_gid:<\/strong> recopilar informaci\u00f3n sobre el uso que hacen los visitantes de nuestro sitio web<br><strong>_gat:&nbsp;<\/strong> Limita el n\u00famero de consultas a Google Analytics<br><strong>SIDCC:&nbsp;<\/strong> Utilizada por Google y Youtube para autenticar a los usuarios, impedir el uso ilegal de credenciales de inicio de sesi\u00f3n y proteger los datos de los usuarios frente a accesos no autorizados.<\/p>\n\n\n\n<p>La galleta <strong>P.<\/strong> Utilizado por Facebook con fines de marketing.&nbsp;<\/p>\n\n\n\n<h2 class=\"wp-block-heading\">Boletines<\/h2>\n\n\n\n<p>Fr\u00f8ya Laks utiliza el servicio Mailchimp para gestionar los boletines informativos. Cuando se suscribe a nuestro bolet\u00edn, su informaci\u00f3n personal se almacena en una base de datos en Mailchimp. Al aceptar el bolet\u00edn, aceptas el marketing electr\u00f3nico en el que recibes buenos consejos y recetas de Fr\u00f8ya Laks.<br>Puede darse de baja del bolet\u00edn en cualquier momento siguiendo el enlace que aparece al final del bolet\u00edn que reciba.<\/p>\n\n\n\n<h2 class=\"wp-block-heading\">Pol\u00edtica de privacidad<\/h2>\n\n\n\n<p>Los datos personales sobre usted son necesarios para administrar el env\u00edo de boletines informativos, o para responderle por correo electr\u00f3nico cuando se pone en contacto con nosotros a trav\u00e9s de nuestro formulario de contacto.<\/p>\n\n\n\n<p>Los datos personales suelen incluir el nombre, la direcci\u00f3n, el n\u00famero de tel\u00e9fono y la direcci\u00f3n de correo electr\u00f3nico. En principio, no tratamos ning\u00fan dato personal sensible sobre nuestros usuarios. La fuente de la informaci\u00f3n ser\u00e1 normalmente el propio usuario, que la facilitar\u00e1 al registrarse en l\u00ednea.<\/p>\n\n\n\n<p>Los datos personales se conservan mientras sean necesarios para los fines del tratamiento, y despu\u00e9s deben suprimirse. Puede pedirnos que eliminemos la informaci\u00f3n relacionada con usted en cualquier momento.<\/p>\n\n\n\n<h2 class=\"wp-block-heading\">HTTPS y transferencia segura<\/h2>\n\n\n\n<p>Nuestro sitio web est\u00e1 cubierto por el cifrado HTTPS. Si desea asegurarse de que una p\u00e1gina est\u00e1 cifrada, aparecer\u00e1 un candado en la barra de direcciones de la parte superior de su navegador y\/o la direcci\u00f3n ir\u00e1 precedida de \"https\" en lugar de solo \"http\".<\/p>\n\n\n\n<p>El objetivo de la encriptaci\u00f3n es garantizar la seguridad de la comunicaci\u00f3n de datos entre el servidor (el sitio web) y el cliente (su ordenador). Esto incluye un certificado digital para demostrar que el sitio web y su remitente son aut\u00e9nticos.<\/p>\n\n\n\n<p><\/p>","protected":false},"excerpt":{"rendered":"<p>Acerca de la empresa Fr\u00f8ya Salmon es propiedad de Insula. Fr\u00f8ya Salmon AS es la empresa que comercializa y vende la marca Fr\u00f8ya. Fr\u00f8ya Salmon pas\u00f3 a formar parte del Grupo Insula en enero de 2016. Cookies Cuando visite nuestro sitio web, su navegador descargar\u00e1 cookies. Se trata de peque\u00f1os archivos de texto que se intercambian entre su dispositivo y este sitio web y se utilizan... <a href=\"https:\/\/froyasalmon.com\/es\/declaracion-de-privacidad\/\">Contin\u00faa en<\/a><\/p>","protected":false},"author":1,"featured_media":0,"parent":0,"menu_order":0,"comment_status":"closed","ping_status":"open","template":"","meta":{"_acf_changed":false,"footnotes":""},"class_list":["post-3","page","type-page","status-publish","hentry"],"acf":[],"_links":{"self":[{"href":"https:\/\/froyasalmon.com\/es\/wp-json\/wp\/v2\/pages\/3","targetHints":{"allow":["GET"]}}],"collection":[{"href":"https:\/\/froyasalmon.com\/es\/wp-json\/wp\/v2\/pages"}],"about":[{"href":"https:\/\/froyasalmon.com\/es\/wp-json\/wp\/v2\/types\/page"}],"author":[{"embeddable":true,"href":"https:\/\/froyasalmon.com\/es\/wp-json\/wp\/v2\/users\/1"}],"replies":[{"embeddable":true,"href":"https:\/\/froyasalmon.com\/es\/wp-json\/wp\/v2\/comments?post=3"}],"version-history":[{"count":1,"href":"https:\/\/froyasalmon.com\/es\/wp-json\/wp\/v2\/pages\/3\/revisions"}],"predecessor-version":[{"id":11475,"href":"https:\/\/froyasalmon.com\/es\/wp-json\/wp\/v2\/pages\/3\/revisions\/11475"}],"wp:attachment":[{"href":"https:\/\/froyasalmon.com\/es\/wp-json\/wp\/v2\/media?parent=3"}],"curies":[{"name":"wp","href":"https:\/\/api.w.org\/{rel}","templated":true}]}}