{"id":3,"date":"2024-12-20T09:30:11","date_gmt":"2024-12-20T09:30:11","guid":{"rendered":"https:\/\/froyasalmon.com\/?page_id=3"},"modified":"2025-03-19T10:08:31","modified_gmt":"2025-03-19T09:08:31","slug":"erklarung-zum-datenschutz","status":"publish","type":"page","link":"https:\/\/froyasalmon.com\/de\/erklarung-zum-datenschutz\/","title":{"rendered":"Datenschutzbestimmungen"},"content":{"rendered":"<h2 class=\"wp-block-heading\">\u00dcber das Unternehmen<\/h2>\n\n\n\n<p>Fr\u00f8ya-Lachs ist Eigentum von <a href=\"https:\/\/www.insula.no\/\">Insula<\/a>. Fr\u00f8ya Salmon AS ist das Unternehmen, das die Marke Fr\u00f8ya vermarktet und vertreibt. Fr\u00f8ya Salmon wurde im Januar 2016 Teil der Insula-Gruppe.<\/p>\n\n\n\n<h2 class=\"wp-block-heading\">Informationen zu Cookies<\/h2>\n\n\n\n<p>Wenn Sie unsere Website besuchen, wird Ihr Browser Cookies herunterladen. Dabei handelt es sich um kleine Textdateien, die zwischen Ihrem Ger\u00e4t und dieser Website ausgetauscht werden und dazu dienen, die Website so gut wie m\u00f6glich zu gestalten.&nbsp;<\/p>\n\n\n\n<p>Als Internetnutzer haben Sie die M\u00f6glichkeit, die Speicherung und Verwendung von Cookies abzulehnen. Wir empfehlen die Website der norwegischen Post- und Telekommunikationsbeh\u00f6rde nettvett.no <a href=\"https:\/\/nettvett.no\/slik-administrer-du-informasjonskapsler\/\" target=\"_blank\" rel=\"noreferrer noopener\">f\u00fcr eine Beschreibung, wie Sie Cookies akzeptieren oder ablehnen k\u00f6nnen<\/a> (\"Cookies\").<\/p>\n\n\n\n<h2 class=\"wp-block-heading\">Cookies auf der Website<\/h2>\n\n\n\n<p>Fr\u00f8ya Salmon erh\u00e4lt seine Statistiken von Google Analytics, das die folgenden Cookies verwendet:<\/p>\n\n\n\n<p><strong>_ga: <\/strong>Informationen dar\u00fcber zu sammeln, wie Besucher unsere Website nutzen<br><strong>_gid:<\/strong> Informationen dar\u00fcber zu sammeln, wie Besucher unsere Website nutzen<br><strong>_gat:&nbsp;<\/strong> begrenzt die Anzahl der Abfragen bei Google Analytics<br><strong>SIDCC:&nbsp;<\/strong> Wird von Google und Youtube verwendet, um Nutzer zu authentifizieren, die illegale Verwendung von Anmeldedaten zu verhindern und Nutzerdaten vor unbefugtem Zugriff zu sch\u00fctzen.<\/p>\n\n\n\n<p>Der Keks <strong>P.<\/strong> Wird von Facebook f\u00fcr Marketingzwecke verwendet.&nbsp;<\/p>\n\n\n\n<h2 class=\"wp-block-heading\">Newsletters<\/h2>\n\n\n\n<p>Fr\u00f8ya Laks verwendet den Dienst Mailchimp zur Verwaltung von Newslettern. Wenn Sie sich f\u00fcr unseren Newsletter anmelden, werden Ihre pers\u00f6nlichen Daten in einer Datenbank bei Mailchimp gespeichert. Indem Sie den Newslettern zustimmen, stimmen Sie dem elektronischen Marketing zu, bei dem Sie gute Tipps und Rezepte von Fr\u00f8ya Laks erhalten.<br>Sie k\u00f6nnen den Newsletter jederzeit abbestellen, indem Sie dem Link am Ende des erhaltenen Newsletters folgen.<\/p>\n\n\n\n<h2 class=\"wp-block-heading\">Datenschutzbestimmungen<\/h2>\n\n\n\n<p>Personenbezogene Daten \u00fcber Sie sind erforderlich, um den Versand von Newslettern zu verwalten oder um Ihnen per E-Mail zu antworten, wenn Sie uns \u00fcber unser Kontaktformular kontaktieren.<\/p>\n\n\n\n<p>Zu den personenbezogenen Daten geh\u00f6ren in der Regel Name, Adresse, Telefonnummer und E-Mail-Adresse. Grunds\u00e4tzlich verarbeiten wir keine sensiblen personenbezogenen Daten \u00fcber unsere Nutzer. Die Quelle der Informationen ist in der Regel der Nutzer selbst, indem er die Informationen bei der Online-Registrierung angibt.<\/p>\n\n\n\n<p>Personenbezogene Daten werden so lange gespeichert, wie sie f\u00fcr den Zweck der Verarbeitung erforderlich sind, und m\u00fcssen dann gel\u00f6scht werden. Sie k\u00f6nnen uns jederzeit auffordern, die Sie betreffenden Informationen zu l\u00f6schen.<\/p>\n\n\n\n<h2 class=\"wp-block-heading\">HTTPS und sichere \u00dcbertragung<\/h2>\n\n\n\n<p>Unsere Website ist mit HTTPS verschl\u00fcsselt. Wenn Sie sich vergewissern wollen, dass eine Seite verschl\u00fcsselt ist, erscheint ein Vorh\u00e4ngeschloss in der Adressleiste oben in Ihrem Browser und\/oder der Adresse wird ein \"https\" anstelle von \"http\" vorangestellt.<\/p>\n\n\n\n<p>Der Zweck der Verschl\u00fcsselung besteht darin, eine sichere Datenkommunikation zwischen dem Server (der Website) und dem Client (Ihrem Computer) zu gew\u00e4hrleisten. Dazu geh\u00f6rt ein digitales Zertifikat, das die Echtheit der Website und des Absenders belegt.<\/p>\n\n\n\n<p><\/p>","protected":false},"excerpt":{"rendered":"<p>Om selskapet Fr\u00f8ya laks eies av Insula. Fr\u00f8ya Salmon AS er selskapet som markedsf\u00f8rer og selger merkevaren Fr\u00f8ya.\u00a0Fr\u00f8ya Salmon ble en del av Insula-konsernet i januar 2016. Informasjonskapsler N\u00e5r du bes\u00f8ker v\u00e5rt nettsted vil nettleseren din laste ned informasjonskapsler (\u00abcookies\u00bb). Dette er sm\u00e5 tekstfiler som utveksles mellom din enhet og dette nettstedet og som brukes &hellip; <a href=\"https:\/\/froyasalmon.com\/de\/erklarung-zum-datenschutz\/\">Continued<\/a><\/p>","protected":false},"author":1,"featured_media":0,"parent":0,"menu_order":0,"comment_status":"closed","ping_status":"open","template":"","meta":{"_acf_changed":false,"footnotes":""},"class_list":["post-3","page","type-page","status-publish","hentry"],"acf":[],"_links":{"self":[{"href":"https:\/\/froyasalmon.com\/de\/wp-json\/wp\/v2\/pages\/3","targetHints":{"allow":["GET"]}}],"collection":[{"href":"https:\/\/froyasalmon.com\/de\/wp-json\/wp\/v2\/pages"}],"about":[{"href":"https:\/\/froyasalmon.com\/de\/wp-json\/wp\/v2\/types\/page"}],"author":[{"embeddable":true,"href":"https:\/\/froyasalmon.com\/de\/wp-json\/wp\/v2\/users\/1"}],"replies":[{"embeddable":true,"href":"https:\/\/froyasalmon.com\/de\/wp-json\/wp\/v2\/comments?post=3"}],"version-history":[{"count":1,"href":"https:\/\/froyasalmon.com\/de\/wp-json\/wp\/v2\/pages\/3\/revisions"}],"predecessor-version":[{"id":11475,"href":"https:\/\/froyasalmon.com\/de\/wp-json\/wp\/v2\/pages\/3\/revisions\/11475"}],"wp:attachment":[{"href":"https:\/\/froyasalmon.com\/de\/wp-json\/wp\/v2\/media?parent=3"}],"curies":[{"name":"wp","href":"https:\/\/api.w.org\/{rel}","templated":true}]}}