{"id":3,"date":"2024-12-20T09:30:11","date_gmt":"2024-12-20T09:30:11","guid":{"rendered":"https:\/\/froyasalmon.com\/?page_id=3"},"modified":"2025-03-19T10:08:31","modified_gmt":"2025-03-19T09:08:31","slug":"erklaering-om-beskyttelse-af-personlige-oplysninger","status":"publish","type":"page","link":"https:\/\/froyasalmon.com\/da\/erklaering-om-beskyttelse-af-personlige-oplysninger\/","title":{"rendered":"Fortrolighedspolitik"},"content":{"rendered":"<h2 class=\"wp-block-heading\">Om virksomheden<\/h2>\n\n\n\n<p>Fr\u00f8ya laks er ejet af <a href=\"https:\/\/www.insula.no\/\">Insula<\/a>. Fr\u00f8ya Salmon AS er den virksomhed, der markedsf\u00f8rer og s\u00e6lger Fr\u00f8ya-brandet. Fr\u00f8ya Salmon blev en del af Insula Group i januar 2016.<\/p>\n\n\n\n<h2 class=\"wp-block-heading\">Cookies til information<\/h2>\n\n\n\n<p>N\u00e5r du bes\u00f8ger vores hjemmeside, vil din browser downloade cookies. Det er sm\u00e5 tekstfiler, der udveksles mellem din enhed og dette websted, og som bruges til at f\u00e5 webstedet til at fungere s\u00e5 godt som muligt.&nbsp;<\/p>\n\n\n\n<p>Som webbruger kan du v\u00e6lge at afvise lagring og brug af cookies. Vi anbefaler det norske post- og teletilsyns hjemmeside nettvett.no <a href=\"https:\/\/nettvett.no\/slik-administrer-du-informasjonskapsler\/\" target=\"_blank\" rel=\"noreferrer noopener\">for en beskrivelse af, hvordan du kan acceptere eller afvise cookies<\/a> (\"cookies\").<\/p>\n\n\n\n<h2 class=\"wp-block-heading\">Cookies p\u00e5 hjemmesiden<\/h2>\n\n\n\n<p>Fr\u00f8ya Salmon f\u00e5r sine statistikker fra Google Analytics, som bruger f\u00f8lgende cookies:<\/p>\n\n\n\n<p><strong>_ga: <\/strong>indsamle oplysninger om, hvordan bes\u00f8gende bruger vores hjemmeside<br><strong>_gid:<\/strong> indsamle oplysninger om, hvordan bes\u00f8gende bruger vores hjemmeside<br><strong>_gat:&nbsp;<\/strong> Begr\u00e6nser antallet af foresp\u00f8rgsler mod Google Analytics<br><strong>SIDCC:&nbsp;<\/strong> Bruges af Google og Youtube til at autentificere brugere, forhindre ulovlig brug af loginoplysninger og beskytte brugerdata mod uautoriseret adgang.<\/p>\n\n\n\n<p>Kagen <strong>Fr<\/strong> Bruges af Facebook til markedsf\u00f8ringsform\u00e5l.&nbsp;<\/p>\n\n\n\n<h2 class=\"wp-block-heading\">Nyhedsbreve<\/h2>\n\n\n\n<p>Fr\u00f8ya Laks bruger Mailchimp-tjenesten til at administrere nyhedsbreve. N\u00e5r du tilmelder dig vores nyhedsbrev, gemmes dine personlige oplysninger i en database hos Mailchimp. Ved at sige ja til nyhedsbrevet accepterer du elektronisk markedsf\u00f8ring, hvor du f\u00e5r gode tips og opskrifter fra Fr\u00f8ya Laks.<br>Du kan til enhver tid afmelde dig nyhedsbrevet ved at f\u00f8lge linket i bunden af det nyhedsbrev, du modtager.<\/p>\n\n\n\n<h2 class=\"wp-block-heading\">Fortrolighedspolitik<\/h2>\n\n\n\n<p>Personoplysninger om dig er n\u00f8dvendige for at administrere udsendelse af nyhedsbreve eller for at svare dig pr. e-mail, n\u00e5r du kontakter os via vores kontaktformular.<\/p>\n\n\n\n<p>Personoplysningerne vil typisk omfatte navn, adresse, telefonnummer og e-mailadresse. Vi behandler som udgangspunkt ikke f\u00f8lsomme personoplysninger om vores brugere. Kilden til oplysningerne vil normalt v\u00e6re brugeren selv, ved at brugeren giver oplysningerne, n\u00e5r han\/hun registrerer sig online.<\/p>\n\n\n\n<p>Personoplysninger opbevares, s\u00e5 l\u00e6nge de er n\u00f8dvendige for form\u00e5let med behandlingen, og skal derefter slettes. Du kan til enhver tid bede os om at slette oplysninger om dig.<\/p>\n\n\n\n<h2 class=\"wp-block-heading\">HTTPS og sikker overf\u00f8rsel<\/h2>\n\n\n\n<p>Vores hjemmeside er d\u00e6kket af HTTPS-kryptering. Hvis du vil sikre dig, at en side er krypteret, vises der en h\u00e6ngel\u00e5s i adresselinjen \u00f8verst i din browser, og\/eller adressen indledes med \"https\" i stedet for blot \"http\".<\/p>\n\n\n\n<p>Form\u00e5let med kryptering er at s\u00f8rge for sikker datakommunikation mellem serveren (hjemmesiden) og klienten (din computer). Dette omfatter et digitalt certifikat, der beviser, at webstedet og dets afsender er \u00e6gte.<\/p>\n\n\n\n<p><\/p>","protected":false},"excerpt":{"rendered":"<p>Om selskapet Fr\u00f8ya laks eies av Insula. Fr\u00f8ya Salmon AS er selskapet som markedsf\u00f8rer og selger merkevaren Fr\u00f8ya.\u00a0Fr\u00f8ya Salmon ble en del av Insula-konsernet i januar 2016. Informasjonskapsler N\u00e5r du bes\u00f8ker v\u00e5rt nettsted vil nettleseren din laste ned informasjonskapsler (\u00abcookies\u00bb). Dette er sm\u00e5 tekstfiler som utveksles mellom din enhet og dette nettstedet og som brukes &hellip; <a href=\"https:\/\/froyasalmon.com\/da\/erklaering-om-beskyttelse-af-personlige-oplysninger\/\">Continued<\/a><\/p>","protected":false},"author":1,"featured_media":0,"parent":0,"menu_order":0,"comment_status":"closed","ping_status":"open","template":"","meta":{"_acf_changed":false,"footnotes":""},"class_list":["post-3","page","type-page","status-publish","hentry"],"acf":[],"_links":{"self":[{"href":"https:\/\/froyasalmon.com\/da\/wp-json\/wp\/v2\/pages\/3","targetHints":{"allow":["GET"]}}],"collection":[{"href":"https:\/\/froyasalmon.com\/da\/wp-json\/wp\/v2\/pages"}],"about":[{"href":"https:\/\/froyasalmon.com\/da\/wp-json\/wp\/v2\/types\/page"}],"author":[{"embeddable":true,"href":"https:\/\/froyasalmon.com\/da\/wp-json\/wp\/v2\/users\/1"}],"replies":[{"embeddable":true,"href":"https:\/\/froyasalmon.com\/da\/wp-json\/wp\/v2\/comments?post=3"}],"version-history":[{"count":1,"href":"https:\/\/froyasalmon.com\/da\/wp-json\/wp\/v2\/pages\/3\/revisions"}],"predecessor-version":[{"id":11475,"href":"https:\/\/froyasalmon.com\/da\/wp-json\/wp\/v2\/pages\/3\/revisions\/11475"}],"wp:attachment":[{"href":"https:\/\/froyasalmon.com\/da\/wp-json\/wp\/v2\/media?parent=3"}],"curies":[{"name":"wp","href":"https:\/\/api.w.org\/{rel}","templated":true}]}}