{"id":11420,"date":"2025-02-26T11:17:22","date_gmt":"2025-02-26T10:17:22","guid":{"rendered":"https:\/\/froyasalmon.com\/?post_type=product&#038;p=11420"},"modified":"2025-04-03T10:43:51","modified_gmt":"2025-04-03T08:43:51","slug":"froya-pikantni-omacka-poke","status":"publish","type":"product","link":"https:\/\/froyasalmon.com\/cs\/produkty\/froya-pikantni-omacka-poke\/","title":{"rendered":"Fr\u00f8ya Pikantn\u00ed om\u00e1\u010dka Poke"},"content":{"rendered":"","protected":false},"excerpt":{"rendered":"","protected":false},"featured_media":11493,"parent":0,"template":"","tags":[],"class_list":["post-11420","product","type-product","status-publish","has-post-thumbnail","hentry","product_category-tilbehor"],"acf":[],"_links":{"self":[{"href":"https:\/\/froyasalmon.com\/cs\/wp-json\/wp\/v2\/product\/11420","targetHints":{"allow":["GET"]}}],"collection":[{"href":"https:\/\/froyasalmon.com\/cs\/wp-json\/wp\/v2\/product"}],"about":[{"href":"https:\/\/froyasalmon.com\/cs\/wp-json\/wp\/v2\/types\/product"}],"version-history":[{"count":1,"href":"https:\/\/froyasalmon.com\/cs\/wp-json\/wp\/v2\/product\/11420\/revisions"}],"predecessor-version":[{"id":11422,"href":"https:\/\/froyasalmon.com\/cs\/wp-json\/wp\/v2\/product\/11420\/revisions\/11422"}],"wp:featuredmedia":[{"embeddable":true,"href":"https:\/\/froyasalmon.com\/cs\/wp-json\/wp\/v2\/media\/11493"}],"wp:attachment":[{"href":"https:\/\/froyasalmon.com\/cs\/wp-json\/wp\/v2\/media?parent=11420"}],"wp:term":[{"taxonomy":"post_tag","embeddable":true,"href":"https:\/\/froyasalmon.com\/cs\/wp-json\/wp\/v2\/tags?post=11420"}],"curies":[{"name":"wp","href":"https:\/\/api.w.org\/{rel}","templated":true}]}}