{"id":3,"date":"2024-12-20T09:30:11","date_gmt":"2024-12-20T09:30:11","guid":{"rendered":"https:\/\/froyasalmon.com\/?page_id=3"},"modified":"2025-03-19T10:08:31","modified_gmt":"2025-03-19T09:08:31","slug":"prohlaseni-o-ochrane-osobnich-udaju","status":"publish","type":"page","link":"https:\/\/froyasalmon.com\/cs\/prohlaseni-o-ochrane-osobnich-udaju\/","title":{"rendered":"Z\u00e1sady ochrany osobn\u00edch \u00fadaj\u016f"},"content":{"rendered":"<h2 class=\"wp-block-heading\">O spole\u010dnosti<\/h2>\n\n\n\n<p>Majitelem lososa Fr\u00f8ya je <a href=\"https:\/\/www.insula.no\/\">Insula<\/a>. Fr\u00f8ya Salmon AS je spole\u010dnost, kter\u00e1 zna\u010dku Fr\u00f8ya prod\u00e1v\u00e1. Spole\u010dnost Fr\u00f8ya Salmon se stala sou\u010d\u00e1st\u00ed skupiny Insula v lednu 2016.<\/p>\n\n\n\n<h2 class=\"wp-block-heading\">Informa\u010dn\u00ed soubory cookie<\/h2>\n\n\n\n<p>Kdy\u017e nav\u0161t\u00edv\u00edte na\u0161e webov\u00e9 str\u00e1nky, v\u00e1\u0161 prohl\u00ed\u017ee\u010d st\u00e1hne soubory cookie. Jedn\u00e1 se o mal\u00e9 textov\u00e9 soubory, kter\u00e9 se vym\u011b\u0148uj\u00ed mezi va\u0161\u00edm za\u0159\u00edzen\u00edm a touto webovou str\u00e1nkou a slou\u017e\u00ed k tomu, aby webov\u00e1 str\u00e1nka fungovala co nejl\u00e9pe.&nbsp;<\/p>\n\n\n\n<p>Jako u\u017eivatel webu m\u016f\u017eete ukl\u00e1d\u00e1n\u00ed a pou\u017e\u00edv\u00e1n\u00ed soubor\u016f cookie odm\u00edtnout. Doporu\u010dujeme webov\u00e9 str\u00e1nky norsk\u00e9ho po\u0161tovn\u00edho a telekomunika\u010dn\u00edho \u00fa\u0159adu nettvett.no. <a href=\"https:\/\/nettvett.no\/slik-administrer-du-informasjonskapsler\/\" target=\"_blank\" rel=\"noreferrer noopener\">popis toho, jak m\u016f\u017eete p\u0159ij\u00edmat nebo odm\u00edtat soubory cookie.<\/a> (\"cookies\").<\/p>\n\n\n\n<h2 class=\"wp-block-heading\">Soubory cookie na webov\u00fdch str\u00e1nk\u00e1ch<\/h2>\n\n\n\n<p>Spole\u010dnost Fr\u00f8ya Salmon z\u00edsk\u00e1v\u00e1 statistiky z n\u00e1stroje Google Analytics, kter\u00fd pou\u017e\u00edv\u00e1 n\u00e1sleduj\u00edc\u00ed soubory cookie:<\/p>\n\n\n\n<p><strong>_ga: <\/strong>shroma\u017e\u010fovat informace o tom, jak n\u00e1v\u0161t\u011bvn\u00edci pou\u017e\u00edvaj\u00ed na\u0161e webov\u00e9 str\u00e1nky.<br><strong>_gid:<\/strong> shroma\u017e\u010fovat informace o tom, jak n\u00e1v\u0161t\u011bvn\u00edci pou\u017e\u00edvaj\u00ed na\u0161e webov\u00e9 str\u00e1nky.<br><strong>_gat:&nbsp;<\/strong> Omezen\u00ed po\u010dtu dotaz\u016f v\u016f\u010di slu\u017eb\u011b Google Analytics<br><strong>SIDCC:&nbsp;<\/strong> Pou\u017e\u00edv\u00e1 se ve spole\u010dnostech Google a Youtube k ov\u011b\u0159ov\u00e1n\u00ed u\u017eivatel\u016f, zabra\u0148uje nez\u00e1konn\u00e9mu pou\u017e\u00edv\u00e1n\u00ed p\u0159ihla\u0161ovac\u00edch \u00fadaj\u016f a chr\u00e1n\u00ed u\u017eivatelsk\u00e1 data p\u0159ed neopr\u00e1vn\u011bn\u00fdm p\u0159\u00edstupem.<\/p>\n\n\n\n<p>Soubor cookie <strong>O.<\/strong> Pou\u017e\u00edv\u00e1 spole\u010dnost Facebook pro marketingov\u00e9 \u00fa\u010dely.&nbsp;<\/p>\n\n\n\n<h2 class=\"wp-block-heading\">Zpravodaje<\/h2>\n\n\n\n<p>Fr\u00f8ya Laks pou\u017e\u00edv\u00e1 ke spr\u00e1v\u011b newsletter\u016f slu\u017ebu Mailchimp. Kdy\u017e se p\u0159ihl\u00e1s\u00edte k odb\u011bru na\u0161eho newsletteru, va\u0161e osobn\u00ed \u00fadaje se ulo\u017e\u00ed do datab\u00e1ze spole\u010dnosti Mailchimp. Souhlasem s odb\u011brem newsletter\u016f d\u00e1v\u00e1te souhlas s elektronick\u00fdm marketingem, v r\u00e1mci kter\u00e9ho dost\u00e1v\u00e1te dobr\u00e9 tipy a recepty od spole\u010dnosti Fr\u00f8ya Laks.<br>Z odb\u011bru newsletteru se m\u016f\u017eete kdykoli odhl\u00e1sit pomoc\u00ed odkazu na konci newsletteru, kter\u00fd obdr\u017e\u00edte.<\/p>\n\n\n\n<h2 class=\"wp-block-heading\">Z\u00e1sady ochrany osobn\u00edch \u00fadaj\u016f<\/h2>\n\n\n\n<p>Osobn\u00ed \u00fadaje o v\u00e1s jsou nezbytn\u00e9 pro spr\u00e1vu zas\u00edl\u00e1n\u00ed newsletter\u016f nebo pro odpov\u011b\u010f e-mailem, kdy\u017e n\u00e1s kontaktujete prost\u0159ednictv\u00edm na\u0161eho kontaktn\u00edho formul\u00e1\u0159e.<\/p>\n\n\n\n<p>Osobn\u00ed \u00fadaje obvykle zahrnuj\u00ed jm\u00e9no, adresu, telefonn\u00ed \u010d\u00edslo a e-mailovou adresu. V z\u00e1sad\u011b nezpracov\u00e1v\u00e1me \u017e\u00e1dn\u00e9 citliv\u00e9 osobn\u00ed \u00fadaje na\u0161ich u\u017eivatel\u016f. Zdrojem \u00fadaj\u016f bude obvykle s\u00e1m u\u017eivatel t\u00edm, \u017ee je poskytne p\u0159i online registraci.<\/p>\n\n\n\n<p>Osobn\u00ed \u00fadaje se uchov\u00e1vaj\u00ed po dobu, po kterou jsou pot\u0159ebn\u00e9 pro \u00fa\u010dely zpracov\u00e1n\u00ed, a pot\u00e9 mus\u00ed b\u00fdt vymaz\u00e1ny. O vymaz\u00e1n\u00ed \u00fadaj\u016f, kter\u00e9 se v\u00e1s t\u00fdkaj\u00ed, n\u00e1s m\u016f\u017eete kdykoli po\u017e\u00e1dat.<\/p>\n\n\n\n<h2 class=\"wp-block-heading\">HTTPS a zabezpe\u010den\u00fd p\u0159enos<\/h2>\n\n\n\n<p>Na\u0161e webov\u00e9 str\u00e1nky jsou chr\u00e1n\u011bny \u0161ifrov\u00e1n\u00edm HTTPS. Pokud se chcete ujistit, \u017ee je str\u00e1nka \u0161ifrovan\u00e1, v adresn\u00edm \u0159\u00e1dku v horn\u00ed \u010d\u00e1sti prohl\u00ed\u017ee\u010de se zobraz\u00ed visac\u00ed z\u00e1mek a\/nebo p\u0159ed adresou bude uvedeno \"https\" nam\u00edsto pouh\u00e9ho \"http\".<\/p>\n\n\n\n<p>\u00da\u010delem \u0161ifrov\u00e1n\u00ed je zajistit bezpe\u010dnou datovou komunikaci mezi serverem (webovou str\u00e1nkou) a klientem (va\u0161\u00edm po\u010d\u00edta\u010dem). Sou\u010d\u00e1st\u00ed je digit\u00e1ln\u00ed certifik\u00e1t, kter\u00fd prokazuje, \u017ee webov\u00e1 str\u00e1nka a jej\u00ed odes\u00edlatel jsou prav\u00ed.<\/p>\n\n\n\n<p><\/p>","protected":false},"excerpt":{"rendered":"<p>Om selskapet Fr\u00f8ya laks eies av Insula. Fr\u00f8ya Salmon AS er selskapet som markedsf\u00f8rer og selger merkevaren Fr\u00f8ya.\u00a0Fr\u00f8ya Salmon ble en del av Insula-konsernet i januar 2016. Informasjonskapsler N\u00e5r du bes\u00f8ker v\u00e5rt nettsted vil nettleseren din laste ned informasjonskapsler (\u00abcookies\u00bb). Dette er sm\u00e5 tekstfiler som utveksles mellom din enhet og dette nettstedet og som brukes &hellip; <a href=\"https:\/\/froyasalmon.com\/cs\/prohlaseni-o-ochrane-osobnich-udaju\/\">Continued<\/a><\/p>","protected":false},"author":1,"featured_media":0,"parent":0,"menu_order":0,"comment_status":"closed","ping_status":"open","template":"","meta":{"_acf_changed":false,"footnotes":""},"class_list":["post-3","page","type-page","status-publish","hentry"],"acf":[],"_links":{"self":[{"href":"https:\/\/froyasalmon.com\/cs\/wp-json\/wp\/v2\/pages\/3","targetHints":{"allow":["GET"]}}],"collection":[{"href":"https:\/\/froyasalmon.com\/cs\/wp-json\/wp\/v2\/pages"}],"about":[{"href":"https:\/\/froyasalmon.com\/cs\/wp-json\/wp\/v2\/types\/page"}],"author":[{"embeddable":true,"href":"https:\/\/froyasalmon.com\/cs\/wp-json\/wp\/v2\/users\/1"}],"replies":[{"embeddable":true,"href":"https:\/\/froyasalmon.com\/cs\/wp-json\/wp\/v2\/comments?post=3"}],"version-history":[{"count":1,"href":"https:\/\/froyasalmon.com\/cs\/wp-json\/wp\/v2\/pages\/3\/revisions"}],"predecessor-version":[{"id":11475,"href":"https:\/\/froyasalmon.com\/cs\/wp-json\/wp\/v2\/pages\/3\/revisions\/11475"}],"wp:attachment":[{"href":"https:\/\/froyasalmon.com\/cs\/wp-json\/wp\/v2\/media?parent=3"}],"curies":[{"name":"wp","href":"https:\/\/api.w.org\/{rel}","templated":true}]}}